{"id":61,"date":"2013-05-01T15:35:49","date_gmt":"2013-05-01T13:35:49","guid":{"rendered":"http:\/\/www.theawardian.de\/?page_id=61"},"modified":"2014-01-05T23:53:41","modified_gmt":"2014-01-05T21:53:41","slug":"welcome","status":"publish","type":"page","link":"https:\/\/www.theawardian.de\/","title":{"rendered":"Welcome"},"content":{"rendered":"<p>Nach drei\u00dfig Jahren exzessiver Zocker- und Guckerei ist die Zeit gekommen &#8211; f\u00fcr einen eigenen Blog! V\u00f6llig losgel\u00f6st von allen Fesseln m\u00f6chte ich auf The Awardian \u00fcber Spiele, Filme und deren Soundtracks schreiben. Weil es sich hierbei um drei recht unterschiedliche Themen handelt, ist der Blog entsprechend gedrittelt. Die folgenden Links f\u00fchren euch gezielt zu dem Teil, der euch am meisten interessiert: <\/p>\n<h2><a href=\"https:\/\/www.theawardian.de\/?cat=6\">The Game Awardian<\/a><\/h2>\n<h2><a href=\"https:\/\/www.theawardian.de\/?cat=11\">The Movie Awardian<\/a><\/h2>\n<h2><a href=\"https:\/\/www.theawardian.de\/?cat=13\">The Score Awardian<\/a><\/h2>\n<p>Um eines gleich klar zu stellen: Im Gegensatz zum modernen Trend konzentriere ich mich auf die Highlights, die mir gefallen. Zwar wird sicherlich der eine oder andere kritische Ton nicht ausbleiben, aber letztlich dient The Awardian der Zelebrierung von \u201cDingen\u201c, die \u201cgut\u201c sind.<\/p>\n<p>Der Name deutet bereits an, dass das Thema \u201cAuszeichnungen\u201c eine gro\u00dfe Rolle spielen wird &#8211; egal ob in Form von \u201cGame-of-the-Year\u201c-Preisen oder \u201cTop-Ten\u201c-Listen, ob bezogen auf meinen eigenen Geschmack oder referierend auf den von anderen. Zudem werden nicht nur aktuelle Sachen ber\u00fccksichtigt, sondern r\u00fcckwirkend \u00e4ltere Jahrg\u00e4nge behandelt. Dies ist nebenbei erw\u00e4hnt der Hauptgrund daf\u00fcr, warum ich f\u00fcr mein Vorhaben einen eigenen Blog ben\u00f6tige. Denn im Gegensatz zu vielen anderen glaube ich felsenfest daran, dass auch etwas \u201caltes\u201c gut genug f\u00fcr einen \u201cneuen\u201c Artikel ist. <\/p>\n<p>Drei\u00dfig Jahre sind eine lange Zeit, besonders was den Bereich Video- und Computerspiele anbelangt. Aber satt bin ich noch lange nicht. Gerade 2013 hat mir gezeigt, dass ich immer noch begeisterungsf\u00e4hig bin. Und mein Ziel ist es, euch anzustecken.<\/p>\n<p>In diesem Sinne<\/p>\n<p>   Euer Andy<\/p>\n","protected":false},"excerpt":{"rendered":"<p>Nach drei\u00dfig Jahren exzessiver Zocker- und Guckerei ist die Zeit gekommen &#8211; f\u00fcr einen eigenen Blog! V\u00f6llig losgel\u00f6st von allen Fesseln m\u00f6chte ich auf The Awardian \u00fcber Spiele, Filme und deren Soundtracks schreiben. Weil es sich hierbei um drei recht unterschiedliche Themen handelt, ist der Blog entsprechend gedrittelt. Die folgenden Links f\u00fchren euch gezielt zu dem Teil, der euch am meisten interessiert: The Game Awardian The Movie Awardian The Score Awardian Um eines gleich klar zu stellen: Im Gegensatz zum modernen Trend konzentriere ich mich auf die Highlights, die mir gefallen. Zwar wird sicherlich der eine oder andere kritische Ton nicht ausbleiben, aber letztlich dient The Awardian der Zelebrierung von \u201cDingen\u201c, die \u201cgut\u201c sind. Der Name deutet bereits an, dass das Thema \u201cAuszeichnungen\u201c eine gro\u00dfe Rolle spielen wird &#8211; egal ob in Form von \u201cGame-of-the-Year\u201c-Preisen oder \u201cTop-Ten\u201c-Listen, ob bezogen auf meinen eigenen Geschmack oder referierend auf den von anderen. Zudem werden nicht nur aktuelle Sachen ber\u00fccksichtigt, sondern r\u00fcckwirkend \u00e4ltere Jahrg\u00e4nge behandelt. Dies ist nebenbei erw\u00e4hnt der Hauptgrund daf\u00fcr, warum ich f\u00fcr mein Vorhaben einen eigenen Blog ben\u00f6tige. Denn im Gegensatz zu vielen anderen glaube ich felsenfest daran, dass auch etwas \u201caltes\u201c gut genug f\u00fcr einen \u201cneuen\u201c Artikel ist. Drei\u00dfig Jahre [&hellip;]<\/p>\n","protected":false},"author":1,"featured_media":0,"parent":0,"menu_order":0,"comment_status":"open","ping_status":"open","template":"","meta":{"footnotes":""},"class_list":["post-61","page","type-page","status-publish","hentry"],"_links":{"self":[{"href":"https:\/\/www.theawardian.de\/index.php?rest_route=\/wp\/v2\/pages\/61","targetHints":{"allow":["GET"]}}],"collection":[{"href":"https:\/\/www.theawardian.de\/index.php?rest_route=\/wp\/v2\/pages"}],"about":[{"href":"https:\/\/www.theawardian.de\/index.php?rest_route=\/wp\/v2\/types\/page"}],"author":[{"embeddable":true,"href":"https:\/\/www.theawardian.de\/index.php?rest_route=\/wp\/v2\/users\/1"}],"replies":[{"embeddable":true,"href":"https:\/\/www.theawardian.de\/index.php?rest_route=%2Fwp%2Fv2%2Fcomments&post=61"}],"version-history":[{"count":13,"href":"https:\/\/www.theawardian.de\/index.php?rest_route=\/wp\/v2\/pages\/61\/revisions"}],"predecessor-version":[{"id":191,"href":"https:\/\/www.theawardian.de\/index.php?rest_route=\/wp\/v2\/pages\/61\/revisions\/191"}],"wp:attachment":[{"href":"https:\/\/www.theawardian.de\/index.php?rest_route=%2Fwp%2Fv2%2Fmedia&parent=61"}],"curies":[{"name":"wp","href":"https:\/\/api.w.org\/{rel}","templated":true}]}}